{"id":2,"date":"2019-09-01T16:44:01","date_gmt":"2019-09-01T14:44:01","guid":{"rendered":"http:\/\/ampaisaaio.cluster020.hosting.ovh.net\/?page_id=2"},"modified":"2025-06-03T15:29:52","modified_gmt":"2025-06-03T13:29:52","slug":"apuntate-ampa","status":"publish","type":"page","link":"http:\/\/www.ampaisaacalbenizcuenca.es\/?page_id=2","title":{"rendered":"Ap\u00fantate al AMPA"},"content":{"rendered":"\n<p class=\"has-text-align-justify\">Apuntarse al AMPA del CEIP Isaac Alb\u00e9niz es un proceso sencillo. <\/p>\n\n\n\n<p>S\u00f3lo es necesario <strong>rellenar el siguiente formulario <\/strong>de <a href=\"https:\/\/docs.google.com\/forms\/d\/e\/1FAIpQLSeAEGrHDY1Wv8efZdyOQYy5PhMkNm4SMpeck3DycIQrwzOrrw\/viewform?usp=sharingVb3372-H0GN1SG34BGoS_fExaQ9WT_1vmJ0RqwmCIjBQ\/viewform?usp=sharing\">Google Drive<\/a> y realizar el ingreso de <strong>12\u20ac por familia <\/strong>en la siguiente cuenta bancaria de Unicaja, (Tanto el formulario como el pago, se tendr\u00e1n que realizar todos los a\u00f1os)<\/p>\n\n\n\n<h2 class=\"wp-block-heading\"><strong>ES50 0049 4917 1527 1717 0936<\/strong><\/h2>\n\n\n\n<p><\/p>\n\n\n\n<p class=\"has-text-align-justify\">A la hora de realizar la transferencia bancaria, nos tendr\u00e9is que indicar los apellidos de la familia. Una vez realizada dicha transferencia, deb\u00e9is guardar el justificante para poderlo incluir en el formulario en la parte inferior.<\/p>\n\n\n\n<p>Durante las primeras semanas del curso, recibir\u00e1s un correo electr\u00f3nico con tu carnet en formato PDF, para que lo puedas guardar en tu m\u00f3vil y as\u00ed tenerlo a mano siempre que lo necesites.<\/p>\n\n\n\n<p>Si realizas la inscripci\u00f3n <strong>antes del 13 de Septiembre<\/strong>, recibir\u00e1s un regalo de bienvenida. Ser\u00e1 un regalo por familia, si tienes alg\u00fan ni\u00f1o matriculado en primaria el regalo ser\u00e1 de la Agenda del colegio. Si solo tienes ni\u00f1os en infantil, el regalo ser\u00e1 de una botella o una mochila del AMPA, seg\u00fan disponibilidad.<\/p>\n\n\n\n<p class=\"has-text-align-justify\">Apunt\u00e1ndose al AMPA del CEIP Isaac Alb\u00e9niz  <strong>podr\u00e1s participar en todas las actividades extracurriculares<\/strong>, adem\u00e1s de las actividades que iremos organizando durante el curso como concursos, excusiones, etc. adem\u00e1s de ser imprescindible tambi\u00e9n para participar en todas las actividades que se realicen en <a href=\"http:\/\/www.ampaisaacalbenizcuenca.es\/?page_id=19\"><strong>Museos Amp\u00e1ticos<\/strong><\/a> junto con el resto de colegios de la capital conquense durante el curso 2023\/2024.<\/p>\n\n\n\n<p class=\"has-text-align-justify\">Adem\u00e1s y por pertenecer al AMPA podr\u00e1s obtener <strong>descuentos en distintos comercios de Cuenca<\/strong> <strong>presentando el carnet del AMPA CEIP Isaac Alb\u00e9niz<\/strong>. Pueden consultar estos comercios en la p\u00e1gina de colaboradores (se publicar\u00e1 pr\u00f3ximamente).<\/p>\n","protected":false},"excerpt":{"rendered":"<p>Apuntarse al AMPA del CEIP Isaac Alb\u00e9niz es un proceso sencillo. S\u00f3lo es necesario rellenar el siguiente formulario de Google&hellip;<\/p>\n","protected":false},"author":1,"featured_media":0,"parent":0,"menu_order":0,"comment_status":"closed","ping_status":"closed","template":"","meta":{"footnotes":""},"class_list":["post-2","page","type-page","status-publish","hentry"],"_links":{"self":[{"href":"http:\/\/www.ampaisaacalbenizcuenca.es\/index.php?rest_route=\/wp\/v2\/pages\/2"}],"collection":[{"href":"http:\/\/www.ampaisaacalbenizcuenca.es\/index.php?rest_route=\/wp\/v2\/pages"}],"about":[{"href":"http:\/\/www.ampaisaacalbenizcuenca.es\/index.php?rest_route=\/wp\/v2\/types\/page"}],"author":[{"embeddable":true,"href":"http:\/\/www.ampaisaacalbenizcuenca.es\/index.php?rest_route=\/wp\/v2\/users\/1"}],"replies":[{"embeddable":true,"href":"http:\/\/www.ampaisaacalbenizcuenca.es\/index.php?rest_route=%2Fwp%2Fv2%2Fcomments&post=2"}],"version-history":[{"count":31,"href":"http:\/\/www.ampaisaacalbenizcuenca.es\/index.php?rest_route=\/wp\/v2\/pages\/2\/revisions"}],"predecessor-version":[{"id":523,"href":"http:\/\/www.ampaisaacalbenizcuenca.es\/index.php?rest_route=\/wp\/v2\/pages\/2\/revisions\/523"}],"wp:attachment":[{"href":"http:\/\/www.ampaisaacalbenizcuenca.es\/index.php?rest_route=%2Fwp%2Fv2%2Fmedia&parent=2"}],"curies":[{"name":"wp","href":"https:\/\/api.w.org\/{rel}","templated":true}]}}